{"id":70,"date":"2025-12-25T10:23:34","date_gmt":"2025-12-25T09:23:34","guid":{"rendered":"http:\/\/frieden.edietz.de\/?page_id=2"},"modified":"2026-03-21T11:04:03","modified_gmt":"2026-03-21T18:04:03","slug":"beispiel-seite","status":"publish","type":"page","link":"https:\/\/friedensplenum-spandau.de\/","title":{"rendered":"Home"},"content":{"rendered":"\n<hr class=\"wp-block-separator has-alpha-channel-opacity\"\/>\n\n\n<div class=\"wp-block-image\">\n<figure class=\"aligncenter size-large is-resized\"><img loading=\"lazy\" decoding=\"async\" width=\"1024\" height=\"723\" src=\"https:\/\/friedensplenum-spandau.de\/wp-content\/uploads\/2026\/02\/sharepic-2-berliner-appell-1024x723.jpg\" alt=\"\" class=\"wp-image-89\" style=\"aspect-ratio:1.4163395421134441;width:504px;height:auto\" srcset=\"https:\/\/friedensplenum-spandau.de\/wp-content\/uploads\/2026\/02\/sharepic-2-berliner-appell-1024x723.jpg 1024w, https:\/\/friedensplenum-spandau.de\/wp-content\/uploads\/2026\/02\/sharepic-2-berliner-appell-300x212.jpg 300w, https:\/\/friedensplenum-spandau.de\/wp-content\/uploads\/2026\/02\/sharepic-2-berliner-appell-768x542.jpg 768w, https:\/\/friedensplenum-spandau.de\/wp-content\/uploads\/2026\/02\/sharepic-2-berliner-appell.jpg 1280w\" sizes=\"auto, (max-width: 1024px) 100vw, 1024px\" \/><\/figure>\n<\/div>\n\n\n<hr class=\"wp-block-separator has-alpha-channel-opacity\"\/>\n\n\n<h1 class=\"wp-block-heading\" id=\"gegen-neue-mittelstreckenwaffenund-fuer-eine-friedliche-welt\">Gegen neue Mittelstreckenwaffen<br>und f\u00fcr eine friedliche Welt<\/h1>\n\n\n<p><a href=\"https:\/\/nie-wieder-krieg.org\/kontakt\/\"><\/a>Wir leben im gef\u00e4hrlichsten Jahrzehnt seit Ende des Zweiten Weltkriegs. Die Gefahr, in einen atomaren Abgrund zu taumeln oder durch einen konventionellen Krieg umzukommen, ist real. An dieser Weggabelung stehen wir f\u00fcr eine friedliche und solidarische Welt der Gemeinsamen Sicherheit, Solidarit\u00e4t und Nachhaltigkeit f\u00fcr alle Menschen.<\/p>\n\n\n\n<p><strong>Wir sagen Nein zur Aufstellung neuer US-Mittelstreckenwaffen in Deutschland!<\/strong><\/p>\n\n\n\n<p>Die geplanten Hyperschallraketen Dark Eagle steigern die Spannungen und sind insbesondere f\u00fcr Deutschland eine Gefahr, zum Ziel eines Pr\u00e4ventivangriffs zu werden. \u00dcberdies f\u00f6rdern die geringen Vorwarnzeiten das Risiko von Fehlreaktionen.<\/p>\n\n\n\n<p>Die Stationierung wurde ohne jede \u00f6ffentliche und parlamentarische Diskussion entschieden. Abr\u00fcstungsverhandlungen sind nicht vorgesehen. Wir bleiben dabei, Konflikte und Rivalit\u00e4ten nicht milit\u00e4risch zu l\u00f6sen, sondern alles zu tun, Kriege zu vermeiden oder zu beenden. Dieser Aufgabe darf sich niemand entziehen.<\/p>\n\n\n\n<p><strong>Hier kannst Du den&nbsp;<a href=\"https:\/\/nie-wieder-krieg.org\/berliner-appell\/\" target=\"_blank\" rel=\"noreferrer noopener\"><strong>BERLINER APPELL<\/strong><\/a>&nbsp;online unterschreiben:<\/strong><\/p>\n\n\n\n<p><\/p>\n","protected":false},"excerpt":{"rendered":"<p>Gegen neue Mittelstreckenwaffenund f\u00fcr eine friedliche Welt Wir leben im gef\u00e4hrlichsten Jahrzehnt seit Ende des Zweiten Weltkriegs. Die Gefahr, in einen atomaren Abgrund zu taumeln&hellip;<\/p>\n","protected":false},"author":1,"featured_media":0,"parent":0,"menu_order":0,"comment_status":"closed","ping_status":"open","template":"","meta":{"footnotes":""},"class_list":["post-70","page","type-page","status-publish","hentry"],"_links":{"self":[{"href":"https:\/\/friedensplenum-spandau.de\/index.php\/wp-json\/wp\/v2\/pages\/70","targetHints":{"allow":["GET"]}}],"collection":[{"href":"https:\/\/friedensplenum-spandau.de\/index.php\/wp-json\/wp\/v2\/pages"}],"about":[{"href":"https:\/\/friedensplenum-spandau.de\/index.php\/wp-json\/wp\/v2\/types\/page"}],"author":[{"embeddable":true,"href":"https:\/\/friedensplenum-spandau.de\/index.php\/wp-json\/wp\/v2\/users\/1"}],"replies":[{"embeddable":true,"href":"https:\/\/friedensplenum-spandau.de\/index.php\/wp-json\/wp\/v2\/comments?post=70"}],"version-history":[{"count":6,"href":"https:\/\/friedensplenum-spandau.de\/index.php\/wp-json\/wp\/v2\/pages\/70\/revisions"}],"predecessor-version":[{"id":187,"href":"https:\/\/friedensplenum-spandau.de\/index.php\/wp-json\/wp\/v2\/pages\/70\/revisions\/187"}],"wp:attachment":[{"href":"https:\/\/friedensplenum-spandau.de\/index.php\/wp-json\/wp\/v2\/media?parent=70"}],"curies":[{"name":"wp","href":"https:\/\/api.w.org\/{rel}","templated":true}]}}